{"id":193,"date":"2023-08-28T14:44:40","date_gmt":"2023-08-28T14:44:40","guid":{"rendered":"https:\/\/www.ilcamminoversolaliberta.it\/NUOVOSITO\/?page_id=193"},"modified":"2023-10-13T14:20:19","modified_gmt":"2023-10-13T14:20:19","slug":"gemma-braggio","status":"publish","type":"page","link":"https:\/\/www.ilcamminoversolaliberta.it\/index.php\/gemma-braggio\/","title":{"rendered":"Gemma Braggio"},"content":{"rendered":"<p>[et_pb_section fb_built=&#8221;1&#8243; fullwidth=&#8221;on&#8221; _builder_version=&#8221;4.22.1&#8243; _module_preset=&#8221;default&#8221; background_color=&#8221;#a0beef&#8221; global_colors_info=&#8221;{}&#8221;][et_pb_fullwidth_post_title meta=&#8221;off&#8221; featured_image=&#8221;off&#8221; _builder_version=&#8221;4.22.1&#8243; _module_preset=&#8221;default&#8221; title_font=&#8221;|700|||||||&#8221; title_font_size=&#8221;30px&#8221; custom_padding=&#8221;67px||50px||false|false&#8221; global_colors_info=&#8221;{}&#8221;][\/et_pb_fullwidth_post_title][\/et_pb_section][et_pb_section fb_built=&#8221;1&#8243; _builder_version=&#8221;4.22.1&#8243; _module_preset=&#8221;default&#8221; global_colors_info=&#8221;{}&#8221;][et_pb_row _builder_version=&#8221;4.22.1&#8243; _module_preset=&#8221;default&#8221; global_colors_info=&#8221;{}&#8221;][et_pb_column type=&#8221;4_4&#8243; _builder_version=&#8221;4.22.1&#8243; _module_preset=&#8221;default&#8221; global_colors_info=&#8221;{}&#8221;][et_pb_text _builder_version=&#8221;4.22.1&#8243; _module_preset=&#8221;default&#8221; global_colors_info=&#8221;{}&#8221;]<\/p>\n<p>&nbsp;<\/p>\n<p>&nbsp;<\/p>\n<p><img decoding=\"async\" loading=\"lazy\" src=\"https:\/\/www.ilcamminoversolaliberta.it\/wp-content\/uploads\/2023\/08\/GemmaBraggio-296x300.jpg\" width=\"296\" height=\"300\" alt=\"\" class=\"wp-image-192 alignleft size-medium\" srcset=\"https:\/\/www.ilcamminoversolaliberta.it\/wp-content\/uploads\/2023\/08\/GemmaBraggio-296x300.jpg 296w, https:\/\/www.ilcamminoversolaliberta.it\/wp-content\/uploads\/2023\/08\/GemmaBraggio-480x486.jpg 480w, https:\/\/www.ilcamminoversolaliberta.it\/wp-content\/uploads\/2023\/08\/GemmaBraggio.jpg 725w\" sizes=\"(max-width: 296px) 100vw, 296px\" \/>GEMMA BRAGGIO \u00e8 nata a Verona il 21 dicembre 1952, dove tuttora risiede.<br \/>Laureata in pedagogia, si \u00e8 specializzata in psicoanalisi relazionale operando per anni nel settore. La sua preparazione e le sue continue ricerche in campo filosofico, pedagogico e di psicologia transpersonale le hanno permesso di sviluppare delle modalit\u00e0 di intervento basate sul rispetto della libert\u00e0 dell&#8217;altro aiutandolo ad entrare in contatto con la parte pi\u00f9 profonda del S\u00e9. Lo spirito di ricerca l&#8217;ha portata nel tempo a volgere il suo interesse verso l&#8217;aspetto spirituale dell&#8217;esistenza. Dal 2003 si dedica alla scrittura e alla trasmissione di Messaggi che riceve dall&#8217;Arcangelo Uriel, espressione della Coscienza Cosmica Universale che unisce molteplici vibrazioni Arcangeliche, Angeliche e Planetarie.<\/p>\n<p>Uriel \u00e8 l&#8217;Arcangelo Planetario. La cadenza di Uriel come energia incontra Esseri che provengono dai vari Pianeti.<\/p>\n<p>L&#8217;esperienza di Gemma con l&#8217;Arcangelo Uriel ha un&#8217;impronta dinamica e spazia attraverso il Cosmo.<br \/>I messaggi che vengono trasmessi hanno l&#8217;intento di favorire, promuovere e sviluppare la coscienza del S\u00e9 Superiore.<\/p>\n<p>&nbsp;<\/p>\n<h3>L&#8217; Arcangelo Uriel<\/h3>\n<p>Uriel, \u201cLuce di Dio\u201d, \u00e8 l\u2019Arcangelo preposto ai tempi finali. Per tempi finali si intende la conclusione di un periodo storico e l&#8217;inizio di una nuova realt\u00e0 che ha come fondamento una visione completamente diversa dell&#8217;esistenza nei suoi molteplici aspetti. Il Messaggio dell&#8217;Arcangelo Uriel \u00e8 di Salvazione che significa salvezza attraverso un&#8217;azione, quale esperienza di vita, che accompagna l&#8217;essere umano a riconoscersi nel suo principio anima.<\/p>\n<h3>Pubblicazioni<\/h3>\n<ul>\n<li>Il cammino verso la libert\u00e0 (2002)<\/li>\n<li>Il Messaggio dei Maestri Ascesi all&#8217; Umanit\u00e0 (2003)<\/li>\n<li>Io Sono l&#8217;Arcangelo Uriel (2005)<\/li>\n<li>Il Principio Angelico (novembre 2016)<\/li>\n<li>La Profezia di Uriel (ottobre 2016)<\/li>\n<li>Il Filo di Sofia nel Tempo (giugno 2016)<\/li>\n<li>Le Vibrazioni dell&#8217;Universo nell&#8217;Armonia del Cosmo (febbraio 2017)<\/li>\n<li>Il Linguaggio &#8211; Codice dell&#8217;Anima (giugno 2017)<\/li>\n<li>La Scienza dell&#8217;Anima in Uriel (settembre 2018)<\/li>\n<li>La Coscienza Cosmica (dicembre 2018)<\/li>\n<li>Il Linguaggio dell&#8217;Arcangelo Uriel &#8211; L&#8217;Antichit\u00e0 svelata (settembre 2019)<\/li>\n<li>Edizioni Albatros, Il Filo: Danza la vita (2011) e Uriel &#8211; l&#8217;Arcangelo della Salvazione (2012)<\/li>\n<li>Edizioni STAZIONE CELESTE formato eBook (Novembre 2015)<\/li>\n<\/ul>\n<p>1. Le Vibrazioni dell&#8217;Universo (download gratuito)<br \/>2. L&#8217;Armonia del Cosmo<br \/>3. I Codici Universali<br \/>4. La Sinfonia delle Sfere<\/p>\n<p>&nbsp;<\/p>\n<p><strong>CD<\/strong><br \/>Gemma Braggio ha pubblicato con Luca Donini, Musicista, il CD che porta il titolo di &#8220;I Tre suoni dell&#8217;Universo&#8221; accordati a 432 Hz.<\/p>\n<p>[\/et_pb_text][\/et_pb_column][\/et_pb_row][\/et_pb_section]<\/p>\n","protected":false},"excerpt":{"rendered":"<p>&nbsp; &nbsp; GEMMA BRAGGIO \u00e8 nata a Verona il 21 dicembre 1952, dove tuttora risiede.Laureata in pedagogia, si \u00e8 specializzata in psicoanalisi relazionale operando per anni nel settore. La sua preparazione e le sue continue ricerche in campo filosofico, pedagogico e di psicologia transpersonale le hanno permesso di sviluppare delle modalit\u00e0 di intervento basate sul [&hellip;]<\/p>\n","protected":false},"author":1,"featured_media":0,"parent":0,"menu_order":0,"comment_status":"closed","ping_status":"closed","template":"","meta":{"_et_pb_use_builder":"on","_et_pb_old_content":"","_et_gb_content_width":"","footnotes":""},"_links":{"self":[{"href":"https:\/\/www.ilcamminoversolaliberta.it\/index.php\/wp-json\/wp\/v2\/pages\/193"}],"collection":[{"href":"https:\/\/www.ilcamminoversolaliberta.it\/index.php\/wp-json\/wp\/v2\/pages"}],"about":[{"href":"https:\/\/www.ilcamminoversolaliberta.it\/index.php\/wp-json\/wp\/v2\/types\/page"}],"author":[{"embeddable":true,"href":"https:\/\/www.ilcamminoversolaliberta.it\/index.php\/wp-json\/wp\/v2\/users\/1"}],"replies":[{"embeddable":true,"href":"https:\/\/www.ilcamminoversolaliberta.it\/index.php\/wp-json\/wp\/v2\/comments?post=193"}],"version-history":[{"count":6,"href":"https:\/\/www.ilcamminoversolaliberta.it\/index.php\/wp-json\/wp\/v2\/pages\/193\/revisions"}],"predecessor-version":[{"id":480,"href":"https:\/\/www.ilcamminoversolaliberta.it\/index.php\/wp-json\/wp\/v2\/pages\/193\/revisions\/480"}],"wp:attachment":[{"href":"https:\/\/www.ilcamminoversolaliberta.it\/index.php\/wp-json\/wp\/v2\/media?parent=193"}],"curies":[{"name":"wp","href":"https:\/\/api.w.org\/{rel}","templated":true}]}}